{"id":909,"date":"2022-10-19T17:27:53","date_gmt":"2022-10-19T20:27:53","guid":{"rendered":"http:\/\/gardens-solucoes.com.br\/wifi\/?page_id=909"},"modified":"2022-10-19T17:28:59","modified_gmt":"2022-10-19T20:28:59","slug":"rut240-4g-lte-wi-fi-router","status":"publish","type":"page","link":"https:\/\/gardens-solucoes.com.br\/wifi\/rut240-4g-lte-wi-fi-router\/","title":{"rendered":"RUT240 &#8211; 4G\/LTE Wi-Fi Router"},"content":{"rendered":"<h1 style=\"text-align: center;\"><\/h1>\n<h4><img decoding=\"async\" loading=\"lazy\" class=\"aligncenter wp-image-910\" src=\"http:\/\/gardens-solucoes.com.br\/wifi\/wp-content\/uploads\/2022\/10\/RUT240png.png\" alt=\"\" width=\"413\" height=\"346\" srcset=\"https:\/\/gardens-solucoes.com.br\/wifi\/wp-content\/uploads\/2022\/10\/RUT240png.png 546w, https:\/\/gardens-solucoes.com.br\/wifi\/wp-content\/uploads\/2022\/10\/RUT240png-300x251.png 300w\" sizes=\"(max-width: 413px) 100vw, 413px\" \/><\/h4>\n<h4><strong>Ofere\u00e7a internet Wi-Fi de alta velocidade aos passageiros, com possibilidade de veicula\u00e7\u00e3o de an\u00fancios publicit\u00e1rios e distribui\u00e7\u00e3o de conte\u00fado de entretenimento offline em um \u00fanico equipamento!<\/strong><\/h4>\n<p><!--more--><\/p>\n<p>Com a revolu\u00e7\u00e3o causada pela internet e a informatiza\u00e7\u00e3o das coisas nos tempos atuais, a presen\u00e7a de acesso \u00e0s redes em todas as localidades torna-se cada vez mais imprescind\u00edvel, e contar com um ponto de acesso em seu transporte \u00e9 um diferencial.<\/p>\n<p>Pensando nisso a Garden&#8217;s traz tamb\u00e9m solu\u00e7\u00f5es em conectividade embarcada, atrav\u00e9s do Roteador Wi-Fi RUT240. Com padr\u00e3o de qualidade industrial, ele \u00e9 ideal para aplica\u00e7\u00f5es profissionais em M2M e internet das coisas, contando com diversos recursos adicionais, como failover e preven\u00e7\u00e3o contra ataques robusta.<\/p>\n<p><a href=\"https:\/\/gardens.com.br\/wp-content\/uploads\/2022\/10\/Datasheet-PT-BR-RUT240.pdf\" target=\"_blank\" rel=\"noopener noreferrer\">Conhe\u00e7a o Roteador de alta performance RUT240<\/a><\/p>\n","protected":false},"excerpt":{"rendered":"<p>Ofere\u00e7a internet Wi-Fi de alta velocidade aos passageiros, com possibilidade de veicula\u00e7\u00e3o de an\u00fancios publicit\u00e1rios e distribui\u00e7\u00e3o de conte\u00fado de entretenimento offline em um \u00fanico equipamento!<\/p>\n","protected":false},"author":1,"featured_media":0,"parent":0,"menu_order":0,"comment_status":"closed","ping_status":"closed","template":"","meta":[],"_links":{"self":[{"href":"https:\/\/gardens-solucoes.com.br\/wifi\/wp-json\/wp\/v2\/pages\/909"}],"collection":[{"href":"https:\/\/gardens-solucoes.com.br\/wifi\/wp-json\/wp\/v2\/pages"}],"about":[{"href":"https:\/\/gardens-solucoes.com.br\/wifi\/wp-json\/wp\/v2\/types\/page"}],"author":[{"embeddable":true,"href":"https:\/\/gardens-solucoes.com.br\/wifi\/wp-json\/wp\/v2\/users\/1"}],"replies":[{"embeddable":true,"href":"https:\/\/gardens-solucoes.com.br\/wifi\/wp-json\/wp\/v2\/comments?post=909"}],"version-history":[{"count":2,"href":"https:\/\/gardens-solucoes.com.br\/wifi\/wp-json\/wp\/v2\/pages\/909\/revisions"}],"predecessor-version":[{"id":913,"href":"https:\/\/gardens-solucoes.com.br\/wifi\/wp-json\/wp\/v2\/pages\/909\/revisions\/913"}],"wp:attachment":[{"href":"https:\/\/gardens-solucoes.com.br\/wifi\/wp-json\/wp\/v2\/media?parent=909"}],"curies":[{"name":"wp","href":"https:\/\/api.w.org\/{rel}","templated":true}]}}