{"id":571,"date":"2021-12-17T11:42:37","date_gmt":"2021-12-17T14:42:37","guid":{"rendered":"http:\/\/gardens-solucoes.com.br\/wifi\/?page_id=571"},"modified":"2021-12-17T11:50:47","modified_gmt":"2021-12-17T14:50:47","slug":"politica-de-privacidade","status":"publish","type":"page","link":"https:\/\/gardens-solucoes.com.br\/wifi\/politica-de-privacidade\/","title":{"rendered":"Pol\u00edtica de Privacidade"},"content":{"rendered":"\n<p>A Garden&#8217;s Solu\u00e7\u00f5es preza pela seguran\u00e7a e privacidade de seus usu\u00e1rios, se comprometendo com a transpar\u00eancia do tratamento de dados pessoais de todos.<\/p>\n\n\n\n<p>Por isso, esse documento sobre Pol\u00edtica de Privacidade estabelece como \u00e9 feita a coleta, uso e transfer\u00eancia de informa\u00e7\u00f5es de clientes ou outras pessoas que acessam ou usam nosso site.<\/p>\n\n\n\n<p>Ao utilizar nossos servi\u00e7os, voc\u00ea entende que coletaremos e usaremos suas informa\u00e7\u00f5es pessoais nas formas descritas nesta Pol\u00edtica, sob as normas de Prote\u00e7\u00e3o de Dados (LGPD, Lei Federal 13.709\/2018), das disposi\u00e7\u00f5es consumeristas da Lei Federal 8078\/1990 e as demais normas do ordenamento jur\u00eddico brasileiro aplic\u00e1veis.<\/p>\n\n\n\n<h2><\/h2>\r\n<h2>Quais dados coletamos sobre voc\u00ea e para qual finalidade?<\/h2>\r\n&nbsp;\n\n\n\n<p>Nosso site coleta e utiliza alguns dados pessoais seus, de forma a viabilizar a presta\u00e7\u00e3o de servi\u00e7os e aprimorar a experi\u00eancia de uso.\n\n&nbsp;\n\n&nbsp;<\/p>\n\n\n\n<h4>1.1. Dados pessoais fornecidos pelo titular<\/h4>\n\n\n\n<ul><li>Nome;<\/li><li>Endere\u00e7o de e-mail;<\/li><li>N\u00famero de telefone;<\/li><\/ul>\n\n\n\n<h4>1.2. Dados pessoais coletados automaticamente<\/h4>\n\n\n\n<ul><li>Endere\u00e7o IP;<\/li><li>Localiza\u00e7\u00e3o aproximada de acordo com base de dados de endere\u00e7o IP;<\/li><li>Arquivo cookie de verifica\u00e7\u00e3o se j\u00e1 foi informado sobre a pol\u00edtica de privacidade da Garden&#8217;s;<\/li><li>Hist\u00f3rico de acessos anteriores atrav\u00e9s da ferramenta;<\/li><li>Hist\u00f3rico de acessos anteriores e comportamento do visitante atrav\u00e9s da ferramenta Google Analytics;<\/li><\/ul>\n\n\n\n<h3>2. Como coletamos os seus dados?<\/h3>\n\n\n\n<p>Nesse sentido, a coleta dos seus dados pessoais ocorre da seguinte forma:<\/p>\n\n\n\n<ul><li>Ao acessar o site gardens.com.br;<\/li><li>Ao enviar uma solicita\u00e7\u00e3o de d\u00favida ou or\u00e7amento pelos formul\u00e1rios de contato;<\/li><li>Ao efetuar uma liga\u00e7\u00e3o para a empresa;<\/li><li>Ao enviar um e-mail para a empresa;<\/li><\/ul>\n\n\n\n<h4>2.1. Consentimento<\/h4>\n\n\n\n<p>\u00c9 a partir do seu consentimento que tratamos os seus dados pessoais. O consentimento \u00e9 a manifesta\u00e7\u00e3o livre, informada e inequ\u00edvoca pela qual voc\u00ea autoriza a Garden&#8217;s Solu\u00e7\u00f5es a tratar seus dados.\n\n&nbsp;<\/p>\n\n\n\n<p>Assim, em conson\u00e2ncia com a Lei Geral de Prote\u00e7\u00e3o de Dados, seus dados s\u00f3 ser\u00e3o coletados, tratados e armazenados mediante pr\u00e9vio e expresso consentimento.\n\n&nbsp;<\/p>\n\n\n\n<p>O seu consentimento ser\u00e1 obtido de forma espec\u00edfica para cada finalidade acima descrita, evidenciando o compromisso de transpar\u00eancia e boa-f\u00e9 da Garden&#8217;s Solu\u00e7\u00f5es para com seus usu\u00e1rios\/clientes, seguindo as regula\u00e7\u00f5es legislativas pertinentes.\n\n&nbsp;<\/p>\n\n\n\n<p>Ao utilizar os servi\u00e7os da Garden&#8217;s Solu\u00e7\u00f5es e fornecer seus dados pessoais, voc\u00ea est\u00e1 ciente e consentindo com as disposi\u00e7\u00f5es desta Pol\u00edtica de Privacidade, al\u00e9m de conhecer seus direitos e como exerc\u00ea-los.\n\n&nbsp;<\/p>\n\n\n\n<p>A qualquer tempo e sem nenhum custo, voc\u00ea poder\u00e1 revogar seu consentimento.\n\n&nbsp;<\/p>\n\n\n\n<p>\u00c9 importante destacar que a revoga\u00e7\u00e3o do consentimento para o tratamento dos dados pode implicar a impossibilidade da performance adequada de alguma funcionalidade do site que dependa da opera\u00e7\u00e3o. Tais consequ\u00eancias ser\u00e3o informadas previamente.\n\n&nbsp;<\/p>\n\n\n\n<h3>3. Quais s\u00e3o os seus direitos?<\/h3>\n\n\n\n<p>A Garden&#8217;s Solu\u00e7\u00f5es assegura a seus usu\u00e1rios\/clientes seus direitos de titular previstos no artigo 18 da Lei Geral de Prote\u00e7\u00e3o de Dados. Dessa forma, voc\u00ea pode, de maneira gratuita e a qualquer tempo:\n\n&nbsp;<\/p>\n\n\n\n<ul><li>Confirmar a exist\u00eancia de tratamento de dados, de maneira simplificada ou em formato claro e completo.<\/li><li>Acessar seus dados, podendo solicit\u00e1-los em uma c\u00f3pia leg\u00edvel sob forma impressa ou por meio eletr\u00f4nico, seguro e id\u00f4neo.<\/li><li>Corrigir seus dados, ao solicitar a edi\u00e7\u00e3o, corre\u00e7\u00e3o ou atualiza\u00e7\u00e3o destes.<\/li><li>Limitar seus dados quando desnecess\u00e1rios, excessivos ou tratados em desconformidade com a legisla\u00e7\u00e3o atrav\u00e9s da anonimiza\u00e7\u00e3o, bloqueio ou elimina\u00e7\u00e3o.<\/li><li>Solicitar a portabilidade de seus dados, atrav\u00e9s de um relat\u00f3rio de dados cadastrais que a Garden&#8217;s Solu\u00e7\u00f5es trata a seu respeito.<\/li><li>Eliminar seus dados tratados a partir de seu consentimento, exceto nos casos previstos em lei.<\/li><li>Revogar seu consentimento, desautorizando o tratamento de seus dados.<\/li><li>Informar-se sobre a possibilidade de n\u00e3o fornecer seu consentimento e sobre as consequ\u00eancias da negativa.<\/li><\/ul>\n\n\n\n<h3>4. Como voc\u00ea pode exercer seus direitos de titular?<\/h3>\n\n\n\n<p>Para exercer seus direitos de titular, voc\u00ea deve entrar em contato com a Garden&#8217;s Solu\u00e7\u00f5es atrav\u00e9s dos seguintes meios dispon\u00edveis:\n\n&nbsp;<\/p>\n\n\n\n<ul><li>E-mail:&nbsp;<a href=\"mailto:contato@ServerDo.in\">suporte@gardens.com.br<\/a><\/li><li>Site: gardens.com.br<\/li><li>Telefone: (11) 3279-3232<\/li><\/ul>\n\n\n\n<p>De forma a garantir a sua correta identifica\u00e7\u00e3o como titular dos dados pessoais objeto da solicita\u00e7\u00e3o, \u00e9 poss\u00edvel que solicitemos documentos ou demais comprova\u00e7\u00f5es que possam comprovar sua identidade. Nessa hip\u00f3tese, voc\u00ea ser\u00e1 informado previamente.\n\n&nbsp;<\/p>\n\n\n\n<h3>5. Como e por quanto tempo seus dados ser\u00e3o armazenados?<\/h3>\n\n\n\n<p>Seus dados pessoais coletados pela Garden&#8217;s Solu\u00e7\u00f5es ser\u00e3o utilizados e armazenados durante o tempo necess\u00e1rio para a presta\u00e7\u00e3o do servi\u00e7o ou para que as finalidades elencadas na presente Pol\u00edtica de Privacidade sejam atingidas, considerando os direitos dos titulares dos dados e dos controladores.\n\n&nbsp;<\/p>\n\n\n\n<p>De modo geral, seus dados ser\u00e3o mantidos enquanto a rela\u00e7\u00e3o contratual entre voc\u00ea e a Garden&#8217;s Solu\u00e7\u00f5es perdurar. Findado o per\u00edodo de armazenamento dos dados pessoais, estes ser\u00e3o exclu\u00eddos de nossas bases de dados ou anonimizados, ressalvadas as hip\u00f3teses legalmente previstas no artigo 16 lei geral de prote\u00e7\u00e3o de dados, a saber:\n\n&nbsp;<\/p>\n\n\n\n<p>I \u2013 cumprimento de obriga\u00e7\u00e3o legal ou regulat\u00f3ria pelo controlador;\n\n&nbsp;<\/p>\n\n\n\n<p>II \u2013 estudo por \u00f3rg\u00e3o de pesquisa, garantida, sempre que poss\u00edvel, a anonimiza\u00e7\u00e3o dos dados pessoais;\n\n&nbsp;<\/p>\n\n\n\n<p>III \u2013 transfer\u00eancia a terceiro, desde que respeitados os requisitos de tratamento de dados dispostos nesta Lei; ou\n\n&nbsp;<\/p>\n\n\n\n<p>IV \u2013 uso exclusivo do controlador, vedado seu acesso por terceiro, e desde que anonimizados os dados.\n\n&nbsp;<\/p>\n\n\n\n<p>Isto \u00e9, informa\u00e7\u00f5es pessoais sobre voc\u00ea que sejam imprescind\u00edveis para o cumprimento de determina\u00e7\u00f5es legais, judiciais e administrativas e\/ou para o exerc\u00edcio do direito de defesa em processos judiciais e administrativos ser\u00e3o mantidas, a despeito da exclus\u00e3o dos demais dados.\n\n&nbsp;<\/p>\n\n\n\n<p>O armazenamento de dados coletados pela Garden&#8217;s Solu\u00e7\u00f5es reflete o nosso compromisso com a seguran\u00e7a e privacidade dos seus dados.\n\n&nbsp;<\/p>\n\n\n\n<p>Empregamos medidas e solu\u00e7\u00f5es t\u00e9cnicas de prote\u00e7\u00e3o aptas a garantir a confidencialidade, integridade e inviolabilidade dos seus dados. Al\u00e9m disso, tamb\u00e9m contamos com medidas de seguran\u00e7a apropriadas aos riscos e com controle de acesso \u00e0s informa\u00e7\u00f5es armazenadas.\n\n&nbsp;<\/p>\n\n\n\n<h3>6. O que fazemos para manter seus dados seguros?<\/h3>\n\n\n\n<p>Para mantermos suas informa\u00e7\u00f5es pessoais seguras, usamos ferramentas f\u00edsicas, eletr\u00f4nicas e gerenciais orientadas para a prote\u00e7\u00e3o da sua privacidade.\n\n&nbsp;<\/p>\n\n\n\n<p>Aplicamos essas ferramentas levando em considera\u00e7\u00e3o a natureza dos dados pessoais coletados, o contexto e a finalidade do tratamento e os riscos que eventuais viola\u00e7\u00f5es gerariam para os direitos e liberdades do titular dos dados coletados e tratados.\n\n&nbsp;<\/p>\n\n\n\n<p>Entre as medidas que adotamos, destacamos as seguintes:\n\n&nbsp;<\/p>\n\n\n\n<ul><li>Apenas pessoas autorizadas t\u00eam acesso a seus dados pessoais<\/li><li>O acesso a seus dados pessoais \u00e9 feito somente ap\u00f3s o compromisso de confidencialidade<\/li><li>Seus dados pessoais s\u00e3o armazenados em ambiente seguro e id\u00f4neo.<\/li><\/ul>\n\n\n\n<p>&nbsp;\n\nA Garden&#8217;s Solu\u00e7\u00f5es se compromete a adotar as melhores posturas para evitar incidentes de seguran\u00e7a. Contudo, \u00e9 necess\u00e1rio destacar que nenhuma p\u00e1gina virtual \u00e9 inteiramente segura e livre de riscos. \u00c9 poss\u00edvel que, apesar de todos os nossos protocolos de seguran\u00e7a, problemas de culpa exclusivamente de terceiros ocorram, como ataques cibern\u00e9ticos de hackers, ou tamb\u00e9m em decorr\u00eancia da neglig\u00eancia ou imprud\u00eancia do pr\u00f3prio usu\u00e1rio\/cliente.\n\n&nbsp;<\/p>\n\n\n\n<p>Em caso de incidentes de seguran\u00e7a que possa gerar risco ou dano relevante para voc\u00ea ou qualquer um de nossos usu\u00e1rios\/clientes, comunicaremos aos afetados e a Autoridade Nacional de Prote\u00e7\u00e3o de Dados sobre o ocorrido, em conson\u00e2ncia com as disposi\u00e7\u00f5es da Lei Geral de Prote\u00e7\u00e3o de Dados.\n\n&nbsp;<\/p>\n\n\n\n<h3>7. Com quem seus dados podem ser compartilhados?<\/h3>\n\n\n\n<p>Tendo em vista a preserva\u00e7\u00e3o de sua privacidade, a Garden&#8217;s Solu\u00e7\u00f5es n\u00e3o compartilhar\u00e1 seus dados pessoais com nenhum terceiro n\u00e3o autorizado.\n\n&nbsp;<\/p>\n\n\n\n<p>Seus dados poder\u00e3o ser compartilhados diante de situa\u00e7\u00f5es excepcionais, que s\u00e3o:\n\n&nbsp;<\/p>\n\n\n\n<p>I \u2013 Determina\u00e7\u00e3o legal, requerimento, requisi\u00e7\u00e3o ou ordem judicial, com autoridades judiciais, administrativas ou governamentais competentes.\n\n&nbsp;<\/p>\n\n\n\n<p>II \u2013 Caso de movimenta\u00e7\u00f5es societ\u00e1rias, como fus\u00e3o, aquisi\u00e7\u00e3o e incorpora\u00e7\u00e3o, de forma autom\u00e1tica\n\n&nbsp;<\/p>\n\n\n\n<p>III \u2013 Prote\u00e7\u00e3o dos direitos da Garden&#8217;s Solu\u00e7\u00f5es em qualquer tipo de conflito, inclusive os de teor judicial.\n\n&nbsp;<\/p>\n\n\n\n<h4>7.1. Transfer\u00eancia internacional de dados<\/h4>\n\n\n\n<p>Alguns dos terceiros com quem compartilhamos seus dados podem ser localizados ou ou possuir instala\u00e7\u00f5es localizadas em pa\u00edses estrangeiros. Nessas condi\u00e7\u00f5es, de toda forma, seus dados pessoais estar\u00e3o sujeitos \u00e0 Lei Geral de Prote\u00e7\u00e3o de Dados e \u00e0s demais legisla\u00e7\u00f5es brasileiras de prote\u00e7\u00e3o de dados\n\n&nbsp;<\/p>\n\n\n\n<p>Nesse sentido, a Garden&#8217;s Solu\u00e7\u00f5es se compromete a sempre adotar eficientes padr\u00f5es de seguran\u00e7a cibern\u00e9tica e de prote\u00e7\u00e3o de dados, nos melhores esfor\u00e7os de garantir e cumprir as exig\u00eancias legislativas.\n\n&nbsp;<\/p>\n\n\n\n<p>Ao concordar com essa Pol\u00edtica de Privacidade, voc\u00ea concorda com esse compartilhamento, que se dar\u00e1 conforme as finalidades descritas no presente instrumento.\n\n&nbsp;<\/p>\n\n\n\n<h3>8. Cookies ou dados de navega\u00e7\u00e3o<\/h3>\n\n\n\n<p>A Garden&#8217;s Solu\u00e7\u00f5es faz uso de Cookies, que s\u00e3o arquivos de texto enviados pela plataforma ao seu computador e que nele se armazenam, que cont\u00e9m informa\u00e7\u00f5es relacionadas \u00e0 navega\u00e7\u00e3o do site. Em suma, os Cookies s\u00e3o utilizados para aprimorar a experi\u00eancia de uso.\n\n&nbsp;<\/p>\n\n\n\n<p>Ao acessar nosso site e consentir com o uso de Cookies, voc\u00ea manifesta conhecer e aceitar a utiliza\u00e7\u00e3o de um sistema de coleta de dados de navega\u00e7\u00e3o com o uso de Cookies em seu dispositivo.\n\n&nbsp;<\/p>\n\n\n\n<p>Voc\u00ea pode, a qualquer tempo e sem nenhum custo, alterar as permiss\u00f5es, bloquear ou recusar os Cookies. Todavia, a revoga\u00e7\u00e3o do consentimento de determinados Cookies pode inviabilizar o funcionamento correto de alguns recursos da plataforma.\n\n&nbsp;<\/p>\n\n\n\n<p>Para gerenciar os cookies do seu navegador, basta faz\u00ea-lo diretamente nas configura\u00e7\u00f5es do navegador, na \u00e1rea de gest\u00e3o de Cookies. Voc\u00ea pode acessar tutoriais sobre o tema diretamente nos links abaixo:\n\n&nbsp;<\/p>\n\n\n\n<p>Se voc\u00ea usa o&nbsp;<a href=\"https:\/\/support.microsoft.com\/pt-br\/help\/17442\/windows-internet-explorer-delete-manage-cookies\" target=\"_blank\" rel=\"noreferrer noopener\">Internet Explorer<\/a>.\n\n&nbsp;<\/p>\n\n\n\n<p>Se voc\u00ea usa o&nbsp;<a href=\"https:\/\/support.mozilla.org\/pt-BR\/kb\/gerencie-configuracoes-de-armazenamento-local-de-s\" target=\"_blank\" rel=\"noreferrer noopener\">Firefox<\/a>.\n\n&nbsp;<\/p>\n\n\n\n<p>Se voc\u00ea usa o&nbsp;<a href=\"https:\/\/support.apple.com\/pt-br\/guide\/safari\/sfri11471\/mac\" target=\"_blank\" rel=\"noreferrer noopener\">Safari<\/a>.\n\n&nbsp;<\/p>\n\n\n\n<p>Se voc\u00ea usa o&nbsp;<a href=\"https:\/\/support.google.com\/chrome\/answer\/95647?co=GENIE.Platform%3DDesktop&amp;oco=1&amp;hl=pt-BR\" target=\"_blank\" rel=\"noreferrer noopener\">Google Chrome<\/a>.\n\n&nbsp;<\/p>\n\n\n\n<p>Se voc\u00ea usa o&nbsp;<a href=\"https:\/\/support.microsoft.com\/pt-br\/help\/4027947\/microsoft-edge-delete-cookies\" target=\"_blank\" rel=\"noreferrer noopener\">Microsoft Edge<\/a>.\n\n&nbsp;<\/p>\n\n\n\n<p>Se voc\u00ea usa o&nbsp;<a href=\"https:\/\/help.opera.com\/en\/latest\/web-preferences\/#cookies\" target=\"_blank\" rel=\"noreferrer noopener\">Opera<\/a>.\n\n&nbsp;<\/p>\n\n\n\n<p>Ainda, com rela\u00e7\u00e3o \u00e0 coleta de dados feita pelo Google Analytics, pode utilizar o add-on de desativa\u00e7\u00e3o da ferramenta, <a href=\"https:\/\/tools.google.com\/dlpage\/gaoptout\/\">dispon\u00edvel neste link.<\/a>\n\n&nbsp;<\/p>\n\n\n\n<h3>9. Altera\u00e7\u00e3o desta Pol\u00edtica de Privacidade<\/h3>\r\n&nbsp;\n\n\n\n<p>A atual vers\u00e3o da Pol\u00edtica de Privacidade foi formulada e atualizada pela \u00faltima vez em: 26 de Novembro de 2021.\n\n&nbsp;<\/p>\n\n\n\n<p>Reservamos o direito de modificar essa Pol\u00edtica de Privacidade a qualquer tempo, principalmente em fun\u00e7\u00e3o da adequa\u00e7\u00e3o a eventuais altera\u00e7\u00f5es feitas em nosso site ou em \u00e2mbito legislativo. Recomendamos que voc\u00ea a revise com frequ\u00eancia.\n\n&nbsp;<\/p>\n\n\n\n<p>Eventuais altera\u00e7\u00f5es entrar\u00e3o em vigor a partir de sua publica\u00e7\u00e3o em nosso site e sempre lhe notificaremos acerca das mudan\u00e7as ocorridas.\n\n&nbsp;<\/p>\n\n\n\n<p>Ao utilizar nossos servi\u00e7os e fornecer seus dados pessoais ap\u00f3s tais modifica\u00e7\u00f5es, voc\u00ea as consente.\n\n&nbsp;<\/p>\n\n\n\n<h3>10. Responsabilidade<\/h3>\r\n&nbsp;\n\n\n\n<p>A Garden&#8217;s Solu\u00e7\u00f5es prev\u00ea a responsabilidade dos agentes que atuam nos processos de tratamento de dados, em conformidade com os artigos 42 ao 45 da Lei Geral de Prote\u00e7\u00e3o de Dados.\n\n&nbsp;<\/p>\n\n\n\n<p>Nos comprometemos em manter esta Pol\u00edtica de Privacidade atualizada, observando suas disposi\u00e7\u00f5es e zelando por seu cumprimento.\n\n&nbsp;<\/p>\n\n\n\n<p>Al\u00e9m disso, tamb\u00e9m assumimos o compromisso de buscar condi\u00e7\u00f5es t\u00e9cnicas e organizativas seguramente aptas a proteger todo o processo de tratamento de dados.\n\n&nbsp;<\/p>\n\n\n\n<p>Caso a Autoridade Nacional de Prote\u00e7\u00e3o de Dados exija a ado\u00e7\u00e3o de provid\u00eancias em rela\u00e7\u00e3o ao tratamento de dados realizado pela Garden&#8217;s Solu\u00e7\u00f5es, comprometemo-nos a segui-las.\n\n&nbsp;<\/p>\n\n\n\n<h4>10.1 Isen\u00e7\u00e3o de responsabilidade<\/h4>\r\n&nbsp;\n\n\n\n<p>Conforme mencionado no T\u00f3pico 6, embora adotemos elevados padr\u00f5es de seguran\u00e7a a fim de evitar incidentes, n\u00e3o h\u00e1 nenhuma p\u00e1gina virtual inteiramente livre de riscos. Nesse sentido, a Garden&#8217;s Solu\u00e7\u00f5es n\u00e3o se responsabiliza por:\n\n&nbsp;<\/p>\n\n\n\n<p>I \u2013 Quaisquer consequ\u00eancias decorrentes da neglig\u00eancia, imprud\u00eancia ou imper\u00edcia dos usu\u00e1rios em rela\u00e7\u00e3o a seus dados individuais. Garantimos e nos responsabilizamos apenas pela seguran\u00e7a dos processos de tratamento de dados e do cumprimento das finalidades descritas no presente instrumento.\n\nDestacamos que a responsabilidade em rela\u00e7\u00e3o \u00e0 confidencialidade dos dados de acesso \u00e9 do usu\u00e1rio.\n\n&nbsp;<\/p>\n\n\n\n<p>II \u2013 A\u00e7\u00f5es maliciosas de terceiros, como ataques de hackers, exceto se comprovada conduta culposa ou deliberada da Garden&#8217;s Solu\u00e7\u00f5es.<\/p>\n\n\n\n<p>Destacamos que em caso de incidentes de seguran\u00e7a que possam gerar risco ou dano relevante para voc\u00ea ou qualquer um de nossos usu\u00e1rios\/clientes, comunicaremos aos afetados e a Autoridade Nacional de Prote\u00e7\u00e3o de Dados sobre o ocorrido e cumpriremos as provid\u00eancias necess\u00e1rias.\n\n&nbsp;<\/p>\n\n\n\n<p>III \u2013 Inveracidade das informa\u00e7\u00f5es inseridas pelo usu\u00e1rio\/cliente nos registros necess\u00e1rios para a utiliza\u00e7\u00e3o dos servi\u00e7os da Garden&#8217;s Solu\u00e7\u00f5es; quaisquer consequ\u00eancias decorrentes de informa\u00e7\u00f5es falsas ou inseridas de m\u00e1-f\u00e9 s\u00e3o de inteiramente responsabilidade do usu\u00e1rio\/cliente.\n\n&nbsp;<\/p>\n\n\n\n<p>Caso tenha d\u00favidas sobre esta Pol\u00edtica de Privacidade ou sobre os dados pessoais que tratamos, voc\u00ea pode entrar em contato conosco atrav\u00e9s do e-mail: suporte@gardens.com.br<\/p>\n","protected":false},"excerpt":{"rendered":"<p>A Garden&#8217;s Solu\u00e7\u00f5es preza pela seguran\u00e7a e privacidade de seus usu\u00e1rios, se comprometendo com a transpar\u00eancia do tratamento de dados pessoais de todos. Por isso, esse documento sobre Pol\u00edtica de Privacidade estabelece como \u00e9 feita a coleta, uso e transfer\u00eancia de informa\u00e7\u00f5es de clientes ou outras pessoas que acessam ou&hellip; <\/p>\n","protected":false},"author":1,"featured_media":0,"parent":0,"menu_order":0,"comment_status":"closed","ping_status":"closed","template":"","meta":[],"_links":{"self":[{"href":"https:\/\/gardens-solucoes.com.br\/wifi\/wp-json\/wp\/v2\/pages\/571"}],"collection":[{"href":"https:\/\/gardens-solucoes.com.br\/wifi\/wp-json\/wp\/v2\/pages"}],"about":[{"href":"https:\/\/gardens-solucoes.com.br\/wifi\/wp-json\/wp\/v2\/types\/page"}],"author":[{"embeddable":true,"href":"https:\/\/gardens-solucoes.com.br\/wifi\/wp-json\/wp\/v2\/users\/1"}],"replies":[{"embeddable":true,"href":"https:\/\/gardens-solucoes.com.br\/wifi\/wp-json\/wp\/v2\/comments?post=571"}],"version-history":[{"count":5,"href":"https:\/\/gardens-solucoes.com.br\/wifi\/wp-json\/wp\/v2\/pages\/571\/revisions"}],"predecessor-version":[{"id":579,"href":"https:\/\/gardens-solucoes.com.br\/wifi\/wp-json\/wp\/v2\/pages\/571\/revisions\/579"}],"wp:attachment":[{"href":"https:\/\/gardens-solucoes.com.br\/wifi\/wp-json\/wp\/v2\/media?parent=571"}],"curies":[{"name":"wp","href":"https:\/\/api.w.org\/{rel}","templated":true}]}}