{"id":266,"date":"2020-06-25T10:36:04","date_gmt":"2020-06-25T13:36:04","guid":{"rendered":"http:\/\/gardens-solucoes.com.br\/wifi\/?page_id=266"},"modified":"2020-06-30T08:32:21","modified_gmt":"2020-06-30T11:32:21","slug":"router-bus-wifi","status":"publish","type":"page","link":"https:\/\/gardens-solucoes.com.br\/wifi\/produtos\/router-bus-wifi\/","title":{"rendered":"Router Bus Wifi"},"content":{"rendered":"\n<p><\/p>\n\n\n<h4>\u00a0<\/h4>\n<h4><img decoding=\"async\" loading=\"lazy\" class=\"aligncenter  wp-image-263\" src=\"http:\/\/gardens-solucoes.com.br\/wifi\/wp-content\/uploads\/2020\/06\/Lateral-ZBT.jpg\" alt=\"\" width=\"362\" height=\"362\" srcset=\"https:\/\/gardens-solucoes.com.br\/wifi\/wp-content\/uploads\/2020\/06\/Lateral-ZBT.jpg 800w, https:\/\/gardens-solucoes.com.br\/wifi\/wp-content\/uploads\/2020\/06\/Lateral-ZBT-150x150.jpg 150w, https:\/\/gardens-solucoes.com.br\/wifi\/wp-content\/uploads\/2020\/06\/Lateral-ZBT-300x300.jpg 300w, https:\/\/gardens-solucoes.com.br\/wifi\/wp-content\/uploads\/2020\/06\/Lateral-ZBT-768x768.jpg 768w, https:\/\/gardens-solucoes.com.br\/wifi\/wp-content\/uploads\/2020\/06\/Lateral-ZBT-250x250.jpg 250w, https:\/\/gardens-solucoes.com.br\/wifi\/wp-content\/uploads\/2020\/06\/Lateral-ZBT-174x174.jpg 174w\" sizes=\"(max-width: 362px) 100vw, 362px\" \/><\/h4>\n<h4>Ofere\u00e7a internet Wi-Fi de alta velocidade aos passageiros, com possibilidade de veicula\u00e7\u00e3o de an\u00fancios publicit\u00e1rios e distribui\u00e7\u00e3o de conte\u00fado de entretenimento off-line\u00a0em um \u00fanico equipamento!<\/h4>\n<p><strong>Desempenho:<\/strong> O Router Bus Wifi\u00a0 \u00e9 um roteador Wi-Fi de alta performance, baseado em processador Dual-Core de 880 MHz, 512MB de RAM e armazenamento em SSD, para garantir a mais alta velocidade de comunica\u00e7\u00e3o para os usu\u00e1rios;<\/p>\n<p><strong>Acesso \u00e0 Internet:<\/strong> O Router Bus Wifi disponibiliza acesso \u00e0 internet via WiFi nos padr\u00f5es 802.11 a\/b\/g\/n\/ac nas frequ\u00eancias de 2.4GHz (b\/g\/n) e 5GHz (a\/n\/ac), com tecnologia MU-MIMO para 60 usu\u00e1rios simult\u00e2neos na velocidade de 512kbps. H\u00e1 de se destacar a sua total compatibilidade com todas as operadoras em atividade no Brasil nas frequ\u00eancias de 3G e 4G, fazendo com que o frotista possa escolher a operadora com a melhor cobertura 4G na regi\u00e3o atendida por sua frota;<\/p>\n<p><strong>Controle da Rede Wi-Fi:<\/strong> O Router Bus Wifi possui funcionalidades de controle da rede Wi-Fi disponibilizada aos usu\u00e1rios de forma a impedir acessos a sites inapropriados, bem como controlar o consumo de dados da franquia do plano 4G limitando o acesso a sites ou formatos de conte\u00fados espec\u00edficos com bloqueio de acesso ou redu\u00e7\u00e3o de velocidade (como, por exemplo, a servidores de atualiza\u00e7\u00e3o de apps como Google Play ou App Store);<\/p>\n<p><img decoding=\"async\" loading=\"lazy\" class=\"aligncenter  wp-image-264\" src=\"http:\/\/gardens-solucoes.com.br\/wifi\/wp-content\/uploads\/2020\/06\/diagram.png\" alt=\"\" width=\"510\" height=\"261\" srcset=\"https:\/\/gardens-solucoes.com.br\/wifi\/wp-content\/uploads\/2020\/06\/diagram.png 765w, https:\/\/gardens-solucoes.com.br\/wifi\/wp-content\/uploads\/2020\/06\/diagram-300x154.png 300w\" sizes=\"(max-width: 510px) 100vw, 510px\" \/><\/p>\n<p>\u00a0<\/p>\n<p><b>Conte\u00fado Off-line \u2013 Central de Entretenimento e M\u00eddias Digitais:<\/b> O armazenamento interno do Router Bus Wifi \u00e9 disponibilizado atrav\u00e9s de um SSD de 128GB (expans\u00edvel at\u00e9 512GB), que pode receber variados conte\u00fados para disponibiliza\u00e7\u00e3o aos passageiros mesmo em regi\u00f5es onde n\u00e3o haja sinal das operadoras de telefonia, al\u00e9m de tamb\u00e9m permitir a possibilidade de veicula\u00e7\u00e3o de m\u00eddias digitais nos dispositivos m\u00f3veis dos passageiros &#8211; abrindo um vasto horizonte para retorno financeiro sobre eventuais campanhas publicit\u00e1rias.<\/p>\n<p><strong>Plataforma de Gest\u00e3o:<\/strong> A plataforma Buswifi permite ao gestor de TI acompanhar o status de funcionamento dos equipamentos, localiza\u00e7\u00e3o via GPS, quantidade de acessos, consumo de tr\u00e1fego de dados, per\u00edodos off-line, dentre outras funcionalidades;<\/p>\n<p><img decoding=\"async\" loading=\"lazy\" class=\"aligncenter size-full wp-image-108\" src=\"http:\/\/gardens-solucoes.com.br\/wifi\/wp-content\/uploads\/2018\/08\/management.png\" alt=\"\" width=\"567\" height=\"220\" srcset=\"https:\/\/gardens-solucoes.com.br\/wifi\/wp-content\/uploads\/2018\/08\/management.png 567w, https:\/\/gardens-solucoes.com.br\/wifi\/wp-content\/uploads\/2018\/08\/management-300x116.png 300w\" sizes=\"(max-width: 567px) 100vw, 567px\" \/><\/p>\n\n\n<div class=\"is-layout-flow wp-block-group\"><div class=\"wp-block-group__inner-container\"><\/div><\/div>\n\n\n\n<p><\/p>\n","protected":false},"excerpt":{"rendered":"<p>\u00a0 Ofere\u00e7a internet Wi-Fi de alta velocidade aos passageiros, com possibilidade de veicula\u00e7\u00e3o de an\u00fancios publicit\u00e1rios e distribui\u00e7\u00e3o de conte\u00fado de entretenimento off-line\u00a0em um \u00fanico equipamento! Desempenho: O Router Bus Wifi\u00a0 \u00e9 um roteador Wi-Fi de alta performance, baseado em processador Dual-Core de 880 MHz, 512MB de RAM e armazenamento&hellip; <\/p>\n","protected":false},"author":1,"featured_media":0,"parent":44,"menu_order":0,"comment_status":"closed","ping_status":"closed","template":"template-fullwidth.php","meta":[],"_links":{"self":[{"href":"https:\/\/gardens-solucoes.com.br\/wifi\/wp-json\/wp\/v2\/pages\/266"}],"collection":[{"href":"https:\/\/gardens-solucoes.com.br\/wifi\/wp-json\/wp\/v2\/pages"}],"about":[{"href":"https:\/\/gardens-solucoes.com.br\/wifi\/wp-json\/wp\/v2\/types\/page"}],"author":[{"embeddable":true,"href":"https:\/\/gardens-solucoes.com.br\/wifi\/wp-json\/wp\/v2\/users\/1"}],"replies":[{"embeddable":true,"href":"https:\/\/gardens-solucoes.com.br\/wifi\/wp-json\/wp\/v2\/comments?post=266"}],"version-history":[{"count":13,"href":"https:\/\/gardens-solucoes.com.br\/wifi\/wp-json\/wp\/v2\/pages\/266\/revisions"}],"predecessor-version":[{"id":285,"href":"https:\/\/gardens-solucoes.com.br\/wifi\/wp-json\/wp\/v2\/pages\/266\/revisions\/285"}],"up":[{"embeddable":true,"href":"https:\/\/gardens-solucoes.com.br\/wifi\/wp-json\/wp\/v2\/pages\/44"}],"wp:attachment":[{"href":"https:\/\/gardens-solucoes.com.br\/wifi\/wp-json\/wp\/v2\/media?parent=266"}],"curies":[{"name":"wp","href":"https:\/\/api.w.org\/{rel}","templated":true}]}}